{"id":266,"date":"2024-09-19T14:43:08","date_gmt":"2024-09-19T12:43:08","guid":{"rendered":"http:\/\/uytbqwb.cluster027.hosting.ovh.net\/?page_id=266"},"modified":"2024-09-19T14:43:53","modified_gmt":"2024-09-19T12:43:53","slug":"politique-de-protection-des-donnees","status":"publish","type":"page","link":"https:\/\/zadig-conseil.fr\/index.php\/politique-de-protection-des-donnees\/","title":{"rendered":"Politique de protection des donn\u00e9es"},"content":{"rendered":"\t\t<div data-elementor-type=\"wp-page\" data-elementor-id=\"266\" class=\"elementor elementor-266\">\n\t\t\t\t<div class=\"elementor-element elementor-element-2064341 e-flex e-con-boxed e-con e-parent\" data-id=\"2064341\" data-element_type=\"container\" data-e-type=\"container\">\n\t\t\t\t\t<div class=\"e-con-inner\">\n\t\t\t\t<div class=\"elementor-element elementor-element-fd08cc2 elementor-widget elementor-widget-text-editor\" data-id=\"fd08cc2\" data-element_type=\"widget\" data-e-type=\"widget\" data-widget_type=\"text-editor.default\">\n\t\t\t\t<div class=\"elementor-widget-container\">\n\t\t\t\t\t\t\t\t\t<p style=\"font-weight: 400;\"><strong>POLITIQUE DE PROTECTION DES DONNEES<\/strong><\/p><p style=\"font-weight: 400;\"><strong>\u00a0<\/strong><strong>1 \u2013 PRESENTATION DU RESPONSABLE DU TRAITEMENT DES DONN\u00c9ES<\/strong><\/p><p style=\"font-weight: 400;\">Zadig conseil, SARL Inscrite au RCS de Lyon n\u00b0 928 759\u00a0752, est responsable du traitement des donn\u00e9es collect\u00e9es sur le pr\u00e9sent site <a href=\"http:\/\/www.zadig-conseil.fr\/\">www.zadig-conseil.fr<\/a><\/p><p style=\"font-weight: 400;\"><strong>2 \u2013 RECUEIL DE VOS DONN\u00c9ES A CARACTERE PERSONNEL<\/strong><\/p><p style=\"font-weight: 400;\">Dans le cadre des relations \u00e9tablies avec nos clients et prospects, nous sommes susceptibles de collecter et traiter vos donn\u00e9es \u00e0 caract\u00e8re personnel. Nous avons bien conscience de l\u2019importance de ces donn\u00e9es pour vous et nous y apportons toute l\u2019attention requise.<\/p><p style=\"font-weight: 400;\">Les donn\u00e9es collect\u00e9es sont :<\/p><ul style=\"font-weight: 400;\"><li>votre nom, pr\u00e9nom, adresse mail, lorsque vous remplissez un formulaire de contact ou lorsque vous nous contactez par mail. Les champs obligatoires de notre formulaire de contact sont indiqu\u00e9s par une ast\u00e9risque (*).<\/li><li>votre adresse IP, lorsque vous donnez votre consentement \u00e0 l\u2019utilisation des cookies.<\/li><\/ul><p style=\"font-weight: 400;\"><strong>3 \u2013 TRAITEMENT DES DONN\u00c9ES <\/strong><\/p><p style=\"font-weight: 400;\">L\u2019unique finalit\u00e9 de la collecte de vos donn\u00e9es \u00e0 caract\u00e8re personnel est de r\u00e9pondre \u00e0 vos demande.<\/p><p style=\"font-weight: 400;\">En cons\u00e9quence, le fondement juridique de ce traitement est l\u2019int\u00e9r\u00eat l\u00e9gitime.<\/p><p style=\"font-weight: 400;\"><strong>4 \u2013 DESTINATAIRES DES DONN\u00c9ES<\/strong><\/p><p style=\"font-weight: 400;\">Aucun transfert de vos donn\u00e9es n\u2019est r\u00e9alis\u00e9 par Zadig conseil et nous nous interdisons de c\u00e9der les donn\u00e9es \u00e0 caract\u00e8re personnel que vous nous confiez \u00e0 des tiers pour des utilisations qui leur seraient propres.<\/p><p style=\"font-weight: 400;\"><strong>5 \u2013 DUR\u00c9E DE CONSERVATION DES DONN\u00c9ES<\/strong><\/p><p style=\"font-weight: 400;\">Vos donn\u00e9es personnelles seront conserv\u00e9es pendant toute la dur\u00e9e de nos \u00e9changes dans le cadre des demandes que vous aurez \u00e9mises via le formulaire de contact ou par mail, et pourront le cas \u00e9ch\u00e9ant \u00eatre archiv\u00e9es pour une dur\u00e9e maximale de 3 ans \u00e0 compter de leur collecte ou du dernier contact.<\/p><p style=\"font-weight: 400;\"><strong>6 \u2013 VOS DROITS<\/strong><\/p><p style=\"font-weight: 400;\">Ce chapitre liste l\u2019ensemble de vos droits en mati\u00e8re d\u2019utilisation des donn\u00e9es recueillies. Zadig conseil s\u2019engage \u00e0 ce que chaque droit soit respect\u00e9 tel que le pr\u00e9voit le r\u00e8glement n\u00b02016\/679, dit R\u00e8glement G\u00e9n\u00e9ral sur la Protection des Donn\u00e9es (RGPD).<\/p><p style=\"font-weight: 400;\"><strong><em>Droit \u00e0 l\u2019information<\/em><\/strong><\/p><p style=\"font-weight: 400;\">A cet effet, Zadig conseil communique par la pr\u00e9sente sa politique de protection des donn\u00e9es (finalit\u00e9 du traitement, cat\u00e9gorie de donn\u00e9es trait\u00e9es, destinataires, dur\u00e9e de conservation des donn\u00e9es personnelles, droits, information relative \u00e0 la source des donn\u00e9es, \u2026).<\/p><p style=\"font-weight: 400;\">Outre le droit \u00e0 l\u2019information, la personne dispose du droit de demander au responsable de traitement d\u2019effectuer d\u2019autres actions sur les donn\u00e9es personnelles. Elles sont d\u00e9taill\u00e9es ci-apr\u00e8s.<\/p><p style=\"font-weight: 400;\"><strong><em>Droit d\u2019acc\u00e8s <\/em><\/strong><\/p><p style=\"font-weight: 400;\">\u00c0 tout moment, vous pouvez avoir acc\u00e8s \u00e0 l\u2019ensemble des donn\u00e9es \u00e0 caract\u00e8re personnel que nous d\u00e9tenons \u00e0 votre sujet et v\u00e9rifier que nous les traitons conform\u00e9ment \u00e0 la loi.<\/p><p style=\"font-weight: 400;\"><strong><em>Droit de rectification <\/em><\/strong><\/p><p style=\"font-weight: 400;\">Vous pouvez demander la rectification de vos donn\u00e9es si elles sont inexactes ou les compl\u00e9ter selon les finalit\u00e9s de chaque traitement.<\/p><p style=\"font-weight: 400;\"><strong><em>Droit \u00e0 l\u2019effacement (droit \u00e0 l\u2019oubli)<\/em><\/strong><\/p><p style=\"font-weight: 400;\">Il s\u2019agit du droit d\u2019obtenir du responsable du traitement l\u2019effacement, dans les meilleurs d\u00e9lais, de donn\u00e9es \u00e0 caract\u00e8re personnel concernant la personne. Ce droit ne peut intervenir s\u2019il enfreint la r\u00e8glementation en vigueur. Il pourrait n\u00e9anmoins s\u2019appliquer si les donn\u00e9es ne sont plus n\u00e9cessaires au regard des finalit\u00e9s pour lesquelles elles sont collect\u00e9es ou trait\u00e9es ou si l\u2019effacement correspond au respect d\u2019une obligation l\u00e9gale.<\/p><p style=\"font-weight: 400;\"><strong><em>Droit d\u2019opposition<\/em><\/strong><\/p><p style=\"font-weight: 400;\">Il s\u2019agit du droit de s\u2019opposer \u00e0 tout moment \u00e0 un traitement des donn\u00e9es personnelles \u00e0 moins que le responsable du traitement ne d\u00e9montre qu\u2019il existe des motifs l\u00e9gitimes et imp\u00e9rieux pour le traitement qui pr\u00e9valent sur les int\u00e9r\u00eats et les droits et libert\u00e9s de la personne concern\u00e9e, ou pour la constatation, l\u2019exercice ou la d\u00e9fense de droits en justice.<\/p><p style=\"font-weight: 400;\">Ce droit ne peut s\u2019exercer que dans le respect des obligations r\u00e8glementaires.<\/p><p style=\"font-weight: 400;\">Si vous souhaitez exercer vos droits ou en savoir plus, vous pouvez adresser votre demande \u00e0 l\u2019adresse indiqu\u00e9e au paragraphe \u00a0\u00bb Votre contact privil\u00e9gi\u00e9 \u00ab\u00a0.<\/p><p style=\"font-weight: 400;\"><strong>7 \u2013 S\u00c9CURIT\u00c9 ET CONFIDENTIALIT\u00c9 DE VOS DONN\u00c9ES<\/strong><\/p><p style=\"font-weight: 400;\">Des mesures de s\u00e9curit\u00e9 physiques, logiques et organisationnelles appropri\u00e9es ont \u00e9t\u00e9 pr\u00e9vues par Zadig conseil pour garantir la confidentialit\u00e9 des donn\u00e9es, et notamment \u00e9viter tout acc\u00e8s non autoris\u00e9.<\/p><p style=\"font-weight: 400;\">Vos donn\u00e9es personnelles sont maintenues sur des r\u00e9seaux s\u00e9curis\u00e9s et accessibles par un nombre limit\u00e9 de collaborateurs ayant des droits d\u2019acc\u00e8s sp\u00e9cifiques sur de tels syst\u00e8mes.<\/p><p style=\"font-weight: 400;\"><strong>8 \u2013 VOTRE CONTACT PRIVIL\u00c9GI\u00c9<\/strong><\/p><p style=\"font-weight: 400;\">Pour toute information ou exercice de vos droits, il vous suffit de nous contacter sur l\u2019adresse mail : contact@zadig-conseil.fr ou par courrier \u00e0 l\u2019adresse suivante : Zadig conseil, 31 rue Saint-Maximin, 69003 Lyon.<\/p><p style=\"font-weight: 400;\">Pour toute information compl\u00e9mentaire ou r\u00e9clamation, vous pouvez contacter la Commission Nationale de l\u2019Informatique et des Libert\u00e9s (CNIL).<\/p><p style=\"font-weight: 400;\"><strong>9 \u2013 R\u00c9VISION DE LA POLITIQUE DE PROTECTION DES DONN\u00c9ES<\/strong><\/p><p style=\"font-weight: 400;\">Nous nous r\u00e9servons le droit de modifier cette politique, de la r\u00e9viser ou de la compl\u00e9ter afin d\u2019en adapter les r\u00e8gles \u00e0 l\u2019apparition de nouvelles pratiques, lors de l\u2019\u00e9volution de la r\u00e9glementation ou encore dans le but d\u2019en renforcer l\u2019efficacit\u00e9.<\/p>\t\t\t\t\t\t\t\t<\/div>\n\t\t\t\t<\/div>\n\t\t\t\t\t<\/div>\n\t\t\t\t<\/div>\n\t\t\t\t<\/div>\n\t\t","protected":false},"excerpt":{"rendered":"<p>POLITIQUE DE PROTECTION DES DONNEES \u00a01 \u2013 PRESENTATION DU RESPONSABLE DU TRAITEMENT DES DONN\u00c9ES Zadig conseil, SARL Inscrite au RCS de Lyon n\u00b0 928 759\u00a0752, est responsable du traitement des donn\u00e9es collect\u00e9es sur le pr\u00e9sent site www.zadig-conseil.fr 2 \u2013 RECUEIL DE VOS DONN\u00c9ES A CARACTERE PERSONNEL Dans le cadre des relations \u00e9tablies avec nos clients [&hellip;]<\/p>\n","protected":false},"author":1,"featured_media":0,"parent":0,"menu_order":0,"comment_status":"closed","ping_status":"closed","template":"","meta":{"footnotes":""},"class_list":["post-266","page","type-page","status-publish","hentry"],"yoast_head":"<!-- This site is optimized with the Yoast SEO plugin v27.4 - https:\/\/yoast.com\/product\/yoast-seo-wordpress\/ -->\n<title>zadig-conseil<\/title>\n<meta name=\"description\" content=\"assurance - sant\u00e9 - pr\u00e9voyance - mutuelle - compl\u00e9mentaire - conseil - conformit\u00e9 -expertise m\u00e9tier - r\u00e9glementation - syst\u00e8me d&#039;information - gestion des risques - transformation\" \/>\n<meta name=\"robots\" content=\"index, follow, max-snippet:-1, max-image-preview:large, max-video-preview:-1\" \/>\n<link rel=\"canonical\" href=\"https:\/\/zadig-conseil.fr\/index.php\/politique-de-protection-des-donnees\/\" \/>\n<meta property=\"og:locale\" content=\"fr_FR\" \/>\n<meta property=\"og:type\" content=\"article\" \/>\n<meta property=\"og:title\" content=\"zadig-conseil\" \/>\n<meta property=\"og:description\" content=\"assurance - sant\u00e9 - pr\u00e9voyance - mutuelle - compl\u00e9mentaire - conseil - conformit\u00e9 -expertise m\u00e9tier - r\u00e9glementation - syst\u00e8me d&#039;information - gestion des risques - transformation\" \/>\n<meta property=\"og:url\" content=\"https:\/\/zadig-conseil.fr\/index.php\/politique-de-protection-des-donnees\/\" \/>\n<meta property=\"og:site_name\" content=\"Zadig conseil\" \/>\n<meta property=\"article:modified_time\" content=\"2024-09-19T12:43:53+00:00\" \/>\n<meta property=\"og:image\" content=\"https:\/\/zadig-conseil.fr\/wp-content\/uploads\/2024\/09\/cropped-logo-zadig-2.png\" \/>\n\t<meta property=\"og:image:width\" content=\"1359\" \/>\n\t<meta property=\"og:image:height\" content=\"1044\" \/>\n\t<meta property=\"og:image:type\" content=\"image\/png\" \/>\n<meta name=\"twitter:card\" content=\"summary_large_image\" \/>\n<meta name=\"twitter:label1\" content=\"Dur\u00e9e de lecture estim\u00e9e\" \/>\n\t<meta name=\"twitter:data1\" content=\"4 minutes\" \/>\n<script type=\"application\/ld+json\" class=\"yoast-schema-graph\">{\"@context\":\"https:\\\/\\\/schema.org\",\"@graph\":[{\"@type\":\"WebPage\",\"@id\":\"https:\\\/\\\/zadig-conseil.fr\\\/index.php\\\/politique-de-protection-des-donnees\\\/\",\"url\":\"https:\\\/\\\/zadig-conseil.fr\\\/index.php\\\/politique-de-protection-des-donnees\\\/\",\"name\":\"zadig-conseil\",\"isPartOf\":{\"@id\":\"https:\\\/\\\/zadig-conseil.fr\\\/#website\"},\"datePublished\":\"2024-09-19T12:43:08+00:00\",\"dateModified\":\"2024-09-19T12:43:53+00:00\",\"description\":\"assurance - sant\u00e9 - pr\u00e9voyance - mutuelle - compl\u00e9mentaire - conseil - conformit\u00e9 -expertise m\u00e9tier - r\u00e9glementation - syst\u00e8me d'information - gestion des risques - transformation\",\"breadcrumb\":{\"@id\":\"https:\\\/\\\/zadig-conseil.fr\\\/index.php\\\/politique-de-protection-des-donnees\\\/#breadcrumb\"},\"inLanguage\":\"fr-FR\",\"potentialAction\":[{\"@type\":\"ReadAction\",\"target\":[\"https:\\\/\\\/zadig-conseil.fr\\\/index.php\\\/politique-de-protection-des-donnees\\\/\"]}]},{\"@type\":\"BreadcrumbList\",\"@id\":\"https:\\\/\\\/zadig-conseil.fr\\\/index.php\\\/politique-de-protection-des-donnees\\\/#breadcrumb\",\"itemListElement\":[{\"@type\":\"ListItem\",\"position\":1,\"name\":\"Accueil\",\"item\":\"https:\\\/\\\/zadig-conseil.fr\\\/\"},{\"@type\":\"ListItem\",\"position\":2,\"name\":\"Politique de protection des donn\u00e9es\"}]},{\"@type\":\"WebSite\",\"@id\":\"https:\\\/\\\/zadig-conseil.fr\\\/#website\",\"url\":\"https:\\\/\\\/zadig-conseil.fr\\\/\",\"name\":\"Zadig conseil\",\"description\":\"\",\"publisher\":{\"@id\":\"https:\\\/\\\/zadig-conseil.fr\\\/#organization\"},\"alternateName\":\"conseil en assurance sant\u00e9 et pr\u00e9voyance\",\"potentialAction\":[{\"@type\":\"SearchAction\",\"target\":{\"@type\":\"EntryPoint\",\"urlTemplate\":\"https:\\\/\\\/zadig-conseil.fr\\\/?s={search_term_string}\"},\"query-input\":{\"@type\":\"PropertyValueSpecification\",\"valueRequired\":true,\"valueName\":\"search_term_string\"}}],\"inLanguage\":\"fr-FR\"},{\"@type\":\"Organization\",\"@id\":\"https:\\\/\\\/zadig-conseil.fr\\\/#organization\",\"name\":\"Zadig conseil\",\"alternateName\":\"conseil en assurance sant\u00e9 et pr\u00e9voyance\",\"url\":\"https:\\\/\\\/zadig-conseil.fr\\\/\",\"logo\":{\"@type\":\"ImageObject\",\"inLanguage\":\"fr-FR\",\"@id\":\"https:\\\/\\\/zadig-conseil.fr\\\/#\\\/schema\\\/logo\\\/image\\\/\",\"url\":\"https:\\\/\\\/zadig-conseil.fr\\\/wp-content\\\/uploads\\\/2024\\\/09\\\/cropped-logo-zadig-3.png\",\"contentUrl\":\"https:\\\/\\\/zadig-conseil.fr\\\/wp-content\\\/uploads\\\/2024\\\/09\\\/cropped-logo-zadig-3.png\",\"width\":1359,\"height\":1044,\"caption\":\"Zadig conseil\"},\"image\":{\"@id\":\"https:\\\/\\\/zadig-conseil.fr\\\/#\\\/schema\\\/logo\\\/image\\\/\"},\"sameAs\":[\"https:\\\/\\\/www.linkedin.com\\\/company\\\/zadig-conseil-en-assurance-sant\u00e9\\\/posts\\\/?feedView=all\"]}]}<\/script>\n<!-- \/ Yoast SEO plugin. -->","yoast_head_json":{"title":"zadig-conseil","description":"assurance - sant\u00e9 - pr\u00e9voyance - mutuelle - compl\u00e9mentaire - conseil - conformit\u00e9 -expertise m\u00e9tier - r\u00e9glementation - syst\u00e8me d'information - gestion des risques - transformation","robots":{"index":"index","follow":"follow","max-snippet":"max-snippet:-1","max-image-preview":"max-image-preview:large","max-video-preview":"max-video-preview:-1"},"canonical":"https:\/\/zadig-conseil.fr\/index.php\/politique-de-protection-des-donnees\/","og_locale":"fr_FR","og_type":"article","og_title":"zadig-conseil","og_description":"assurance - sant\u00e9 - pr\u00e9voyance - mutuelle - compl\u00e9mentaire - conseil - conformit\u00e9 -expertise m\u00e9tier - r\u00e9glementation - syst\u00e8me d'information - gestion des risques - transformation","og_url":"https:\/\/zadig-conseil.fr\/index.php\/politique-de-protection-des-donnees\/","og_site_name":"Zadig conseil","article_modified_time":"2024-09-19T12:43:53+00:00","og_image":[{"width":1359,"height":1044,"url":"https:\/\/zadig-conseil.fr\/wp-content\/uploads\/2024\/09\/cropped-logo-zadig-2.png","type":"image\/png"}],"twitter_card":"summary_large_image","twitter_misc":{"Dur\u00e9e de lecture estim\u00e9e":"4 minutes"},"schema":{"@context":"https:\/\/schema.org","@graph":[{"@type":"WebPage","@id":"https:\/\/zadig-conseil.fr\/index.php\/politique-de-protection-des-donnees\/","url":"https:\/\/zadig-conseil.fr\/index.php\/politique-de-protection-des-donnees\/","name":"zadig-conseil","isPartOf":{"@id":"https:\/\/zadig-conseil.fr\/#website"},"datePublished":"2024-09-19T12:43:08+00:00","dateModified":"2024-09-19T12:43:53+00:00","description":"assurance - sant\u00e9 - pr\u00e9voyance - mutuelle - compl\u00e9mentaire - conseil - conformit\u00e9 -expertise m\u00e9tier - r\u00e9glementation - syst\u00e8me d'information - gestion des risques - transformation","breadcrumb":{"@id":"https:\/\/zadig-conseil.fr\/index.php\/politique-de-protection-des-donnees\/#breadcrumb"},"inLanguage":"fr-FR","potentialAction":[{"@type":"ReadAction","target":["https:\/\/zadig-conseil.fr\/index.php\/politique-de-protection-des-donnees\/"]}]},{"@type":"BreadcrumbList","@id":"https:\/\/zadig-conseil.fr\/index.php\/politique-de-protection-des-donnees\/#breadcrumb","itemListElement":[{"@type":"ListItem","position":1,"name":"Accueil","item":"https:\/\/zadig-conseil.fr\/"},{"@type":"ListItem","position":2,"name":"Politique de protection des donn\u00e9es"}]},{"@type":"WebSite","@id":"https:\/\/zadig-conseil.fr\/#website","url":"https:\/\/zadig-conseil.fr\/","name":"Zadig conseil","description":"","publisher":{"@id":"https:\/\/zadig-conseil.fr\/#organization"},"alternateName":"conseil en assurance sant\u00e9 et pr\u00e9voyance","potentialAction":[{"@type":"SearchAction","target":{"@type":"EntryPoint","urlTemplate":"https:\/\/zadig-conseil.fr\/?s={search_term_string}"},"query-input":{"@type":"PropertyValueSpecification","valueRequired":true,"valueName":"search_term_string"}}],"inLanguage":"fr-FR"},{"@type":"Organization","@id":"https:\/\/zadig-conseil.fr\/#organization","name":"Zadig conseil","alternateName":"conseil en assurance sant\u00e9 et pr\u00e9voyance","url":"https:\/\/zadig-conseil.fr\/","logo":{"@type":"ImageObject","inLanguage":"fr-FR","@id":"https:\/\/zadig-conseil.fr\/#\/schema\/logo\/image\/","url":"https:\/\/zadig-conseil.fr\/wp-content\/uploads\/2024\/09\/cropped-logo-zadig-3.png","contentUrl":"https:\/\/zadig-conseil.fr\/wp-content\/uploads\/2024\/09\/cropped-logo-zadig-3.png","width":1359,"height":1044,"caption":"Zadig conseil"},"image":{"@id":"https:\/\/zadig-conseil.fr\/#\/schema\/logo\/image\/"},"sameAs":["https:\/\/www.linkedin.com\/company\/zadig-conseil-en-assurance-sant\u00e9\/posts\/?feedView=all"]}]}},"_links":{"self":[{"href":"https:\/\/zadig-conseil.fr\/index.php\/wp-json\/wp\/v2\/pages\/266","targetHints":{"allow":["GET"]}}],"collection":[{"href":"https:\/\/zadig-conseil.fr\/index.php\/wp-json\/wp\/v2\/pages"}],"about":[{"href":"https:\/\/zadig-conseil.fr\/index.php\/wp-json\/wp\/v2\/types\/page"}],"author":[{"embeddable":true,"href":"https:\/\/zadig-conseil.fr\/index.php\/wp-json\/wp\/v2\/users\/1"}],"replies":[{"embeddable":true,"href":"https:\/\/zadig-conseil.fr\/index.php\/wp-json\/wp\/v2\/comments?post=266"}],"version-history":[{"count":4,"href":"https:\/\/zadig-conseil.fr\/index.php\/wp-json\/wp\/v2\/pages\/266\/revisions"}],"predecessor-version":[{"id":273,"href":"https:\/\/zadig-conseil.fr\/index.php\/wp-json\/wp\/v2\/pages\/266\/revisions\/273"}],"wp:attachment":[{"href":"https:\/\/zadig-conseil.fr\/index.php\/wp-json\/wp\/v2\/media?parent=266"}],"curies":[{"name":"wp","href":"https:\/\/api.w.org\/{rel}","templated":true}]}}