{"id":8,"date":"2024-09-17T15:19:26","date_gmt":"2024-09-17T13:19:26","guid":{"rendered":"http:\/\/uytbqwb.cluster027.hosting.ovh.net\/?page_id=8"},"modified":"2024-09-30T09:25:54","modified_gmt":"2024-09-30T07:25:54","slug":"contact","status":"publish","type":"page","link":"https:\/\/zadig-conseil.fr\/index.php\/contact\/","title":{"rendered":"Contact"},"content":{"rendered":"\t\t<div data-elementor-type=\"wp-page\" data-elementor-id=\"8\" class=\"elementor elementor-8\">\n\t\t\t\t<div class=\"elementor-element elementor-element-undefined-8fae627 e-con-full e-flex e-con e-parent\" data-id=\"undefined-8fae627\" data-element_type=\"container\" data-e-type=\"container\">\n\t\t<div class=\"elementor-element elementor-element-undefined-244ffda e-flex e-con-boxed e-con e-child\" data-id=\"undefined-244ffda\" data-element_type=\"container\" data-e-type=\"container\">\n\t\t\t\t\t<div class=\"e-con-inner\">\n\t\t<div class=\"elementor-element elementor-element-undefined-ba80a5c e-con-full e-flex e-con e-child\" data-id=\"undefined-ba80a5c\" data-element_type=\"container\" data-e-type=\"container\">\n\t\t\t\t<div class=\"elementor-element elementor-element-e924815 elementor-absolute elementor-widget elementor-widget-image\" data-id=\"e924815\" data-element_type=\"widget\" data-e-type=\"widget\" data-settings=\"{&quot;_position&quot;:&quot;absolute&quot;}\" data-widget_type=\"image.default\">\n\t\t\t\t<div class=\"elementor-widget-container\">\n\t\t\t\t\t\t\t\t\t\t\t\t\t\t\t<img fetchpriority=\"high\" decoding=\"async\" width=\"221\" height=\"300\" src=\"https:\/\/zadig-conseil.fr\/wp-content\/uploads\/2024\/09\/mascotte-loupe2-221x300.png\" class=\"attachment-medium size-medium wp-image-119\" alt=\"\" srcset=\"https:\/\/zadig-conseil.fr\/wp-content\/uploads\/2024\/09\/mascotte-loupe2-221x300.png 221w, https:\/\/zadig-conseil.fr\/wp-content\/uploads\/2024\/09\/mascotte-loupe2-753x1024.png 753w, https:\/\/zadig-conseil.fr\/wp-content\/uploads\/2024\/09\/mascotte-loupe2-768x1044.png 768w, https:\/\/zadig-conseil.fr\/wp-content\/uploads\/2024\/09\/mascotte-loupe2.png 952w\" sizes=\"(max-width: 221px) 100vw, 221px\" \/>\t\t\t\t\t\t\t\t\t\t\t\t\t\t\t<\/div>\n\t\t\t\t<\/div>\n\t\t\t\t<\/div>\n\t\t<div class=\"elementor-element elementor-element-undefined-d170e7f e-con-full e-flex e-con e-child\" data-id=\"undefined-d170e7f\" data-element_type=\"container\" data-e-type=\"container\">\n\t\t\t\t<div class=\"elementor-element elementor-element-undefined-7650fc9 elementor-position-inline-start elementor-view-stacked elementor-shape-circle elementor-mobile-position-block-start elementor-widget elementor-widget-icon-box\" data-id=\"undefined-7650fc9\" data-element_type=\"widget\" data-e-type=\"widget\" data-widget_type=\"icon-box.default\">\n\t\t\t\t<div class=\"elementor-widget-container\">\n\t\t\t\t\t\t\t<div class=\"elementor-icon-box-wrapper\">\n\n\t\t\t\t\t\t<div class=\"elementor-icon-box-icon\">\n\t\t\t\t<span  class=\"elementor-icon\">\n\t\t\t\t<svg aria-hidden=\"true\" class=\"e-font-icon-svg e-fas-mail-bulk\" viewBox=\"0 0 576 512\" xmlns=\"http:\/\/www.w3.org\/2000\/svg\"><path d=\"M160 448c-25.6 0-51.2-22.4-64-32-64-44.8-83.2-60.8-96-70.4V480c0 17.67 14.33 32 32 32h256c17.67 0 32-14.33 32-32V345.6c-12.8 9.6-32 25.6-96 70.4-12.8 9.6-38.4 32-64 32zm128-192H32c-17.67 0-32 14.33-32 32v16c25.6 19.2 22.4 19.2 115.2 86.4 9.6 6.4 28.8 25.6 44.8 25.6s35.2-19.2 44.8-22.4c92.8-67.2 89.6-67.2 115.2-86.4V288c0-17.67-14.33-32-32-32zm256-96H224c-17.67 0-32 14.33-32 32v32h96c33.21 0 60.59 25.42 63.71 57.82l.29-.22V416h192c17.67 0 32-14.33 32-32V192c0-17.67-14.33-32-32-32zm-32 128h-64v-64h64v64zm-352-96c0-35.29 28.71-64 64-64h224V32c0-17.67-14.33-32-32-32H96C78.33 0 64 14.33 64 32v192h96v-32z\"><\/path><\/svg>\t\t\t\t<\/span>\n\t\t\t<\/div>\n\t\t\t\n\t\t\t\t\t\t<div class=\"elementor-icon-box-content\">\n\n\t\t\t\t\t\t\t\t\t<h3 class=\"elementor-icon-box-title\">\n\t\t\t\t\t\t<span  >\n\t\t\t\t\t\t\t\u00c9crivez-nous\t\t\t\t\t\t<\/span>\n\t\t\t\t\t<\/h3>\n\t\t\t\t\n\t\t\t\t\t\t\t\t\t<p class=\"elementor-icon-box-description\">\n\t\t\t\t\t\tcontact@zadig-conseil.fr\t\t\t\t\t<\/p>\n\t\t\t\t\n\t\t\t<\/div>\n\t\t\t\n\t\t<\/div>\n\t\t\t\t\t\t<\/div>\n\t\t\t\t<\/div>\n\t\t\t\t<div class=\"elementor-element elementor-element-undefined-69e8e0b elementor-position-inline-start elementor-view-stacked elementor-shape-circle elementor-mobile-position-block-start elementor-widget elementor-widget-icon-box\" data-id=\"undefined-69e8e0b\" data-element_type=\"widget\" data-e-type=\"widget\" data-widget_type=\"icon-box.default\">\n\t\t\t\t<div class=\"elementor-widget-container\">\n\t\t\t\t\t\t\t<div class=\"elementor-icon-box-wrapper\">\n\n\t\t\t\t\t\t<div class=\"elementor-icon-box-icon\">\n\t\t\t\t<span  class=\"elementor-icon\">\n\t\t\t\t<svg aria-hidden=\"true\" class=\"e-font-icon-svg e-fas-phone-volume\" viewBox=\"0 0 384 512\" xmlns=\"http:\/\/www.w3.org\/2000\/svg\"><path d=\"M97.333 506.966c-129.874-129.874-129.681-340.252 0-469.933 5.698-5.698 14.527-6.632 21.263-2.422l64.817 40.513a17.187 17.187 0 0 1 6.849 20.958l-32.408 81.021a17.188 17.188 0 0 1-17.669 10.719l-55.81-5.58c-21.051 58.261-20.612 122.471 0 179.515l55.811-5.581a17.188 17.188 0 0 1 17.669 10.719l32.408 81.022a17.188 17.188 0 0 1-6.849 20.958l-64.817 40.513a17.19 17.19 0 0 1-21.264-2.422zM247.126 95.473c11.832 20.047 11.832 45.008 0 65.055-3.95 6.693-13.108 7.959-18.718 2.581l-5.975-5.726c-3.911-3.748-4.793-9.622-2.261-14.41a32.063 32.063 0 0 0 0-29.945c-2.533-4.788-1.65-10.662 2.261-14.41l5.975-5.726c5.61-5.378 14.768-4.112 18.718 2.581zm91.787-91.187c60.14 71.604 60.092 175.882 0 247.428-4.474 5.327-12.53 5.746-17.552.933l-5.798-5.557c-4.56-4.371-4.977-11.529-.93-16.379 49.687-59.538 49.646-145.933 0-205.422-4.047-4.85-3.631-12.008.93-16.379l5.798-5.557c5.022-4.813 13.078-4.394 17.552.933zm-45.972 44.941c36.05 46.322 36.108 111.149 0 157.546-4.39 5.641-12.697 6.251-17.856 1.304l-5.818-5.579c-4.4-4.219-4.998-11.095-1.285-15.931 26.536-34.564 26.534-82.572 0-117.134-3.713-4.836-3.115-11.711 1.285-15.931l5.818-5.579c5.159-4.947 13.466-4.337 17.856 1.304z\"><\/path><\/svg>\t\t\t\t<\/span>\n\t\t\t<\/div>\n\t\t\t\n\t\t\t\t\t\t<div class=\"elementor-icon-box-content\">\n\n\t\t\t\t\t\t\t\t\t<h3 class=\"elementor-icon-box-title\">\n\t\t\t\t\t\t<span  >\n\t\t\t\t\t\t\tAppelez-nous\t\t\t\t\t\t<\/span>\n\t\t\t\t\t<\/h3>\n\t\t\t\t\n\t\t\t\t\t\t\t\t\t<p class=\"elementor-icon-box-description\">\n\t\t\t\t\t\t06 03 48 71 93\t\t\t\t\t<\/p>\n\t\t\t\t\n\t\t\t<\/div>\n\t\t\t\n\t\t<\/div>\n\t\t\t\t\t\t<\/div>\n\t\t\t\t<\/div>\n\t\t\t\t<\/div>\n\t\t\t\t\t<\/div>\n\t\t\t\t<\/div>\n\t\t<div class=\"elementor-element elementor-element-undefined-349ff93 e-flex e-con-boxed e-con e-child\" data-id=\"undefined-349ff93\" data-element_type=\"container\" data-e-type=\"container\">\n\t\t\t\t\t<div class=\"e-con-inner\">\n\t\t\t\t<div class=\"elementor-element elementor-element-ced0250 elementor-view-stacked elementor-position-inline-start elementor-shape-circle elementor-mobile-position-block-start elementor-widget elementor-widget-icon-box\" data-id=\"ced0250\" data-element_type=\"widget\" data-e-type=\"widget\" data-widget_type=\"icon-box.default\">\n\t\t\t\t<div class=\"elementor-widget-container\">\n\t\t\t\t\t\t\t<div class=\"elementor-icon-box-wrapper\">\n\n\t\t\t\t\t\t<div class=\"elementor-icon-box-icon\">\n\t\t\t\t<a href=\"https:\/\/www.linkedin.com\/company\/zadig-conseil-en-assurance-sant\u00e9\/posts\/?feedView=all\" class=\"elementor-icon\" tabindex=\"-1\" aria-label=\"Retrouvez nos publications sur notre page\">\n\t\t\t\t<svg aria-hidden=\"true\" class=\"e-font-icon-svg e-fab-linkedin-in\" viewBox=\"0 0 448 512\" xmlns=\"http:\/\/www.w3.org\/2000\/svg\"><path d=\"M100.28 448H7.4V148.9h92.88zM53.79 108.1C24.09 108.1 0 83.5 0 53.8a53.79 53.79 0 0 1 107.58 0c0 29.7-24.1 54.3-53.79 54.3zM447.9 448h-92.68V302.4c0-34.7-.7-79.2-48.29-79.2-48.29 0-55.69 37.7-55.69 76.7V448h-92.78V148.9h89.08v40.8h1.3c12.4-23.5 42.69-48.3 87.88-48.3 94 0 111.28 61.9 111.28 142.3V448z\"><\/path><\/svg>\t\t\t\t<\/a>\n\t\t\t<\/div>\n\t\t\t\n\t\t\t\t\t\t<div class=\"elementor-icon-box-content\">\n\n\t\t\t\t\t\t\t\t\t<h3 class=\"elementor-icon-box-title\">\n\t\t\t\t\t\t<a href=\"https:\/\/www.linkedin.com\/company\/zadig-conseil-en-assurance-sant\u00e9\/posts\/?feedView=all\" >\n\t\t\t\t\t\t\tRetrouvez nos publications sur notre page\t\t\t\t\t\t<\/a>\n\t\t\t\t\t<\/h3>\n\t\t\t\t\n\t\t\t\t\n\t\t\t<\/div>\n\t\t\t\n\t\t<\/div>\n\t\t\t\t\t\t<\/div>\n\t\t\t\t<\/div>\n\t\t\t\t\t<\/div>\n\t\t\t\t<\/div>\n\t\t\t\t<\/div>\n\t\t<div class=\"elementor-element elementor-element-ddf7a81 e-flex e-con-boxed e-con e-parent\" data-id=\"ddf7a81\" data-element_type=\"container\" data-e-type=\"container\">\n\t\t\t\t\t<div class=\"e-con-inner\">\n\t\t\t\t\t<\/div>\n\t\t\t\t<\/div>\n\t\t\t\t<\/div>\n\t\t","protected":false},"excerpt":{"rendered":"<p>\u00c9crivez-nous contact@zadig-conseil.fr Appelez-nous 06 03 48 71 93 Retrouvez nos publications sur notre page<\/p>\n","protected":false},"author":1,"featured_media":0,"parent":0,"menu_order":0,"comment_status":"closed","ping_status":"closed","template":"","meta":{"footnotes":""},"class_list":["post-8","page","type-page","status-publish","hentry"],"yoast_head":"<!-- This site is optimized with the Yoast SEO plugin v27.4 - https:\/\/yoast.com\/product\/yoast-seo-wordpress\/ -->\n<title>zadig-conseil<\/title>\n<meta name=\"description\" content=\"assurance - sant\u00e9 - pr\u00e9voyance - mutuelle - compl\u00e9mentaire - conseil - conformit\u00e9 -expertise m\u00e9tier - r\u00e9glementation - syst\u00e8me d&#039;information - gestion des risques - transformation\" \/>\n<meta name=\"robots\" content=\"index, follow, max-snippet:-1, max-image-preview:large, max-video-preview:-1\" \/>\n<link rel=\"canonical\" href=\"https:\/\/zadig-conseil.fr\/index.php\/contact\/\" \/>\n<meta property=\"og:locale\" content=\"fr_FR\" \/>\n<meta property=\"og:type\" content=\"article\" \/>\n<meta property=\"og:title\" content=\"zadig-conseil\" \/>\n<meta property=\"og:description\" content=\"assurance - sant\u00e9 - pr\u00e9voyance - mutuelle - compl\u00e9mentaire - conseil - conformit\u00e9 -expertise m\u00e9tier - r\u00e9glementation - syst\u00e8me d&#039;information - gestion des risques - transformation\" \/>\n<meta property=\"og:url\" content=\"https:\/\/zadig-conseil.fr\/index.php\/contact\/\" \/>\n<meta property=\"og:site_name\" content=\"Zadig conseil\" \/>\n<meta property=\"article:modified_time\" content=\"2024-09-30T07:25:54+00:00\" \/>\n<meta property=\"og:image\" content=\"https:\/\/zadig-conseil.fr\/wp-content\/uploads\/2024\/09\/mascotte-loupe2-221x300.png\" \/>\n<meta name=\"twitter:card\" content=\"summary_large_image\" \/>\n<meta name=\"twitter:label1\" content=\"Dur\u00e9e de lecture estim\u00e9e\" \/>\n\t<meta name=\"twitter:data1\" content=\"1 minute\" \/>\n<script type=\"application\/ld+json\" class=\"yoast-schema-graph\">{\"@context\":\"https:\\\/\\\/schema.org\",\"@graph\":[{\"@type\":\"WebPage\",\"@id\":\"https:\\\/\\\/zadig-conseil.fr\\\/index.php\\\/contact\\\/\",\"url\":\"https:\\\/\\\/zadig-conseil.fr\\\/index.php\\\/contact\\\/\",\"name\":\"zadig-conseil\",\"isPartOf\":{\"@id\":\"https:\\\/\\\/zadig-conseil.fr\\\/#website\"},\"primaryImageOfPage\":{\"@id\":\"https:\\\/\\\/zadig-conseil.fr\\\/index.php\\\/contact\\\/#primaryimage\"},\"image\":{\"@id\":\"https:\\\/\\\/zadig-conseil.fr\\\/index.php\\\/contact\\\/#primaryimage\"},\"thumbnailUrl\":\"https:\\\/\\\/zadig-conseil.fr\\\/wp-content\\\/uploads\\\/2024\\\/09\\\/mascotte-loupe2-221x300.png\",\"datePublished\":\"2024-09-17T13:19:26+00:00\",\"dateModified\":\"2024-09-30T07:25:54+00:00\",\"description\":\"assurance - sant\u00e9 - pr\u00e9voyance - mutuelle - compl\u00e9mentaire - conseil - conformit\u00e9 -expertise m\u00e9tier - r\u00e9glementation - syst\u00e8me d'information - gestion des risques - transformation\",\"breadcrumb\":{\"@id\":\"https:\\\/\\\/zadig-conseil.fr\\\/index.php\\\/contact\\\/#breadcrumb\"},\"inLanguage\":\"fr-FR\",\"potentialAction\":[{\"@type\":\"ReadAction\",\"target\":[\"https:\\\/\\\/zadig-conseil.fr\\\/index.php\\\/contact\\\/\"]}]},{\"@type\":\"ImageObject\",\"inLanguage\":\"fr-FR\",\"@id\":\"https:\\\/\\\/zadig-conseil.fr\\\/index.php\\\/contact\\\/#primaryimage\",\"url\":\"https:\\\/\\\/zadig-conseil.fr\\\/wp-content\\\/uploads\\\/2024\\\/09\\\/mascotte-loupe2.png\",\"contentUrl\":\"https:\\\/\\\/zadig-conseil.fr\\\/wp-content\\\/uploads\\\/2024\\\/09\\\/mascotte-loupe2.png\",\"width\":952,\"height\":1294},{\"@type\":\"BreadcrumbList\",\"@id\":\"https:\\\/\\\/zadig-conseil.fr\\\/index.php\\\/contact\\\/#breadcrumb\",\"itemListElement\":[{\"@type\":\"ListItem\",\"position\":1,\"name\":\"Accueil\",\"item\":\"https:\\\/\\\/zadig-conseil.fr\\\/\"},{\"@type\":\"ListItem\",\"position\":2,\"name\":\"Contact\"}]},{\"@type\":\"WebSite\",\"@id\":\"https:\\\/\\\/zadig-conseil.fr\\\/#website\",\"url\":\"https:\\\/\\\/zadig-conseil.fr\\\/\",\"name\":\"Zadig conseil\",\"description\":\"\",\"publisher\":{\"@id\":\"https:\\\/\\\/zadig-conseil.fr\\\/#organization\"},\"alternateName\":\"conseil en assurance sant\u00e9 et pr\u00e9voyance\",\"potentialAction\":[{\"@type\":\"SearchAction\",\"target\":{\"@type\":\"EntryPoint\",\"urlTemplate\":\"https:\\\/\\\/zadig-conseil.fr\\\/?s={search_term_string}\"},\"query-input\":{\"@type\":\"PropertyValueSpecification\",\"valueRequired\":true,\"valueName\":\"search_term_string\"}}],\"inLanguage\":\"fr-FR\"},{\"@type\":\"Organization\",\"@id\":\"https:\\\/\\\/zadig-conseil.fr\\\/#organization\",\"name\":\"Zadig conseil\",\"alternateName\":\"conseil en assurance sant\u00e9 et pr\u00e9voyance\",\"url\":\"https:\\\/\\\/zadig-conseil.fr\\\/\",\"logo\":{\"@type\":\"ImageObject\",\"inLanguage\":\"fr-FR\",\"@id\":\"https:\\\/\\\/zadig-conseil.fr\\\/#\\\/schema\\\/logo\\\/image\\\/\",\"url\":\"https:\\\/\\\/zadig-conseil.fr\\\/wp-content\\\/uploads\\\/2024\\\/09\\\/cropped-logo-zadig-3.png\",\"contentUrl\":\"https:\\\/\\\/zadig-conseil.fr\\\/wp-content\\\/uploads\\\/2024\\\/09\\\/cropped-logo-zadig-3.png\",\"width\":1359,\"height\":1044,\"caption\":\"Zadig conseil\"},\"image\":{\"@id\":\"https:\\\/\\\/zadig-conseil.fr\\\/#\\\/schema\\\/logo\\\/image\\\/\"},\"sameAs\":[\"https:\\\/\\\/www.linkedin.com\\\/company\\\/zadig-conseil-en-assurance-sant\u00e9\\\/posts\\\/?feedView=all\"]}]}<\/script>\n<!-- \/ Yoast SEO plugin. -->","yoast_head_json":{"title":"zadig-conseil","description":"assurance - sant\u00e9 - pr\u00e9voyance - mutuelle - compl\u00e9mentaire - conseil - conformit\u00e9 -expertise m\u00e9tier - r\u00e9glementation - syst\u00e8me d'information - gestion des risques - transformation","robots":{"index":"index","follow":"follow","max-snippet":"max-snippet:-1","max-image-preview":"max-image-preview:large","max-video-preview":"max-video-preview:-1"},"canonical":"https:\/\/zadig-conseil.fr\/index.php\/contact\/","og_locale":"fr_FR","og_type":"article","og_title":"zadig-conseil","og_description":"assurance - sant\u00e9 - pr\u00e9voyance - mutuelle - compl\u00e9mentaire - conseil - conformit\u00e9 -expertise m\u00e9tier - r\u00e9glementation - syst\u00e8me d'information - gestion des risques - transformation","og_url":"https:\/\/zadig-conseil.fr\/index.php\/contact\/","og_site_name":"Zadig conseil","article_modified_time":"2024-09-30T07:25:54+00:00","og_image":[{"url":"https:\/\/zadig-conseil.fr\/wp-content\/uploads\/2024\/09\/mascotte-loupe2-221x300.png","type":"","width":"","height":""}],"twitter_card":"summary_large_image","twitter_misc":{"Dur\u00e9e de lecture estim\u00e9e":"1 minute"},"schema":{"@context":"https:\/\/schema.org","@graph":[{"@type":"WebPage","@id":"https:\/\/zadig-conseil.fr\/index.php\/contact\/","url":"https:\/\/zadig-conseil.fr\/index.php\/contact\/","name":"zadig-conseil","isPartOf":{"@id":"https:\/\/zadig-conseil.fr\/#website"},"primaryImageOfPage":{"@id":"https:\/\/zadig-conseil.fr\/index.php\/contact\/#primaryimage"},"image":{"@id":"https:\/\/zadig-conseil.fr\/index.php\/contact\/#primaryimage"},"thumbnailUrl":"https:\/\/zadig-conseil.fr\/wp-content\/uploads\/2024\/09\/mascotte-loupe2-221x300.png","datePublished":"2024-09-17T13:19:26+00:00","dateModified":"2024-09-30T07:25:54+00:00","description":"assurance - sant\u00e9 - pr\u00e9voyance - mutuelle - compl\u00e9mentaire - conseil - conformit\u00e9 -expertise m\u00e9tier - r\u00e9glementation - syst\u00e8me d'information - gestion des risques - transformation","breadcrumb":{"@id":"https:\/\/zadig-conseil.fr\/index.php\/contact\/#breadcrumb"},"inLanguage":"fr-FR","potentialAction":[{"@type":"ReadAction","target":["https:\/\/zadig-conseil.fr\/index.php\/contact\/"]}]},{"@type":"ImageObject","inLanguage":"fr-FR","@id":"https:\/\/zadig-conseil.fr\/index.php\/contact\/#primaryimage","url":"https:\/\/zadig-conseil.fr\/wp-content\/uploads\/2024\/09\/mascotte-loupe2.png","contentUrl":"https:\/\/zadig-conseil.fr\/wp-content\/uploads\/2024\/09\/mascotte-loupe2.png","width":952,"height":1294},{"@type":"BreadcrumbList","@id":"https:\/\/zadig-conseil.fr\/index.php\/contact\/#breadcrumb","itemListElement":[{"@type":"ListItem","position":1,"name":"Accueil","item":"https:\/\/zadig-conseil.fr\/"},{"@type":"ListItem","position":2,"name":"Contact"}]},{"@type":"WebSite","@id":"https:\/\/zadig-conseil.fr\/#website","url":"https:\/\/zadig-conseil.fr\/","name":"Zadig conseil","description":"","publisher":{"@id":"https:\/\/zadig-conseil.fr\/#organization"},"alternateName":"conseil en assurance sant\u00e9 et pr\u00e9voyance","potentialAction":[{"@type":"SearchAction","target":{"@type":"EntryPoint","urlTemplate":"https:\/\/zadig-conseil.fr\/?s={search_term_string}"},"query-input":{"@type":"PropertyValueSpecification","valueRequired":true,"valueName":"search_term_string"}}],"inLanguage":"fr-FR"},{"@type":"Organization","@id":"https:\/\/zadig-conseil.fr\/#organization","name":"Zadig conseil","alternateName":"conseil en assurance sant\u00e9 et pr\u00e9voyance","url":"https:\/\/zadig-conseil.fr\/","logo":{"@type":"ImageObject","inLanguage":"fr-FR","@id":"https:\/\/zadig-conseil.fr\/#\/schema\/logo\/image\/","url":"https:\/\/zadig-conseil.fr\/wp-content\/uploads\/2024\/09\/cropped-logo-zadig-3.png","contentUrl":"https:\/\/zadig-conseil.fr\/wp-content\/uploads\/2024\/09\/cropped-logo-zadig-3.png","width":1359,"height":1044,"caption":"Zadig conseil"},"image":{"@id":"https:\/\/zadig-conseil.fr\/#\/schema\/logo\/image\/"},"sameAs":["https:\/\/www.linkedin.com\/company\/zadig-conseil-en-assurance-sant\u00e9\/posts\/?feedView=all"]}]}},"_links":{"self":[{"href":"https:\/\/zadig-conseil.fr\/index.php\/wp-json\/wp\/v2\/pages\/8","targetHints":{"allow":["GET"]}}],"collection":[{"href":"https:\/\/zadig-conseil.fr\/index.php\/wp-json\/wp\/v2\/pages"}],"about":[{"href":"https:\/\/zadig-conseil.fr\/index.php\/wp-json\/wp\/v2\/types\/page"}],"author":[{"embeddable":true,"href":"https:\/\/zadig-conseil.fr\/index.php\/wp-json\/wp\/v2\/users\/1"}],"replies":[{"embeddable":true,"href":"https:\/\/zadig-conseil.fr\/index.php\/wp-json\/wp\/v2\/comments?post=8"}],"version-history":[{"count":46,"href":"https:\/\/zadig-conseil.fr\/index.php\/wp-json\/wp\/v2\/pages\/8\/revisions"}],"predecessor-version":[{"id":761,"href":"https:\/\/zadig-conseil.fr\/index.php\/wp-json\/wp\/v2\/pages\/8\/revisions\/761"}],"wp:attachment":[{"href":"https:\/\/zadig-conseil.fr\/index.php\/wp-json\/wp\/v2\/media?parent=8"}],"curies":[{"name":"wp","href":"https:\/\/api.w.org\/{rel}","templated":true}]}}